{"id":13,"date":"2023-04-24T19:55:33","date_gmt":"2023-04-24T17:55:33","guid":{"rendered":"https:\/\/6212221.cpsw-fcsei.com\/MontVoyage_wordpress\/?page_id=13"},"modified":"2023-04-28T17:00:37","modified_gmt":"2023-04-28T15:00:37","slug":"nous-joindre","status":"publish","type":"page","link":"http:\/\/6212221.cpsw-fcsei.com\/MontVoyage_wordpress\/nous-joindre\/","title":{"rendered":"Nous joindre"},"content":{"rendered":"\n<p class=\"has-border-color-color has-text-color\">Nous sommes heureux de vous aider avec toutes vos questions et demandes de renseignements. Voici les diff\u00e9rentes fa\u00e7ons de nous joindre:<\/p>\n\n\n\n<p class=\"has-border-color-color has-text-color\">Par courriel: Pour toute question ou demande de renseignements, veuillez envoyer un courriel \u00e0 notre \u00e9quipe \u00e0 l&rsquo;adresse suivante: <a href=\"mailto:info@montagnesduquebec.com\">info@montagnesduquebec.com<\/a>. Nous ferons de notre mieux pour r\u00e9pondre \u00e0 votre demande dans les plus brefs d\u00e9lais.<\/p>\n\n\n\n<p class=\"has-border-color-color has-text-color\">Par t\u00e9l\u00e9phone: Si vous pr\u00e9f\u00e9rez parler directement avec un membre de notre \u00e9quipe, n&rsquo;h\u00e9sitez pas \u00e0 nous appeler au num\u00e9ro suivant: +1 (514) 555-1234. Nous sommes disponibles du lundi au vendredi de 9h00 \u00e0 17h00 (heure de l&rsquo;Est).<\/p>\n\n\n\n<p class=\"has-border-color-color has-text-color\">Par courrier: Si vous pr\u00e9f\u00e9rez nous envoyer une lettre, vous pouvez le faire \u00e0 l&rsquo;adresse suivante: MontVoyage 123 rue de la Montagne Montr\u00e9al, Qu\u00e9bec, Canada H1H 1H1<\/p>\n\n\n\n<p class=\"has-border-color-color has-text-color\">R\u00e9seaux sociaux: Vous pouvez \u00e9galement nous contacter via les r\u00e9seaux sociaux en nous envoyant un message priv\u00e9 sur notre page Facebook ou notre compte Instagram. Nous sommes disponibles pour r\u00e9pondre \u00e0 vos questions et vous aider de cette fa\u00e7on \u00e9galement.<\/p>\n\n\n\n<p class=\"has-border-color-color has-text-color\">Nous sommes impatients de vous aider \u00e0 planifier votre prochaine aventure de randonn\u00e9e en montagne avec MontVoyage.<\/p>\n\n\n\n<figure class=\"wp-block-image alignwide size-large\"><img loading=\"lazy\" decoding=\"async\" width=\"1024\" height=\"683\" src=\"https:\/\/6212221.cpsw-fcsei.com\/MontVoyage_wordpress\/wp-content\/uploads\/2023\/04\/pexels-daja-544067-1024x683.jpg\" alt=\"\" class=\"wp-image-81\" srcset=\"http:\/\/6212221.cpsw-fcsei.com\/MontVoyage_wordpress\/wp-content\/uploads\/2023\/04\/pexels-daja-544067-1024x683.jpg 1024w, http:\/\/6212221.cpsw-fcsei.com\/MontVoyage_wordpress\/wp-content\/uploads\/2023\/04\/pexels-daja-544067-300x200.jpg 300w, http:\/\/6212221.cpsw-fcsei.com\/MontVoyage_wordpress\/wp-content\/uploads\/2023\/04\/pexels-daja-544067-768x512.jpg 768w, http:\/\/6212221.cpsw-fcsei.com\/MontVoyage_wordpress\/wp-content\/uploads\/2023\/04\/pexels-daja-544067-1536x1024.jpg 1536w, http:\/\/6212221.cpsw-fcsei.com\/MontVoyage_wordpress\/wp-content\/uploads\/2023\/04\/pexels-daja-544067-2048x1365.jpg 2048w\" sizes=\"auto, (max-width: 1024px) 100vw, 1024px\" \/><\/figure>\n","protected":false},"excerpt":{"rendered":"<p>Nous sommes heureux de vous aider avec toutes vos questions et demandes de renseignements. Voici les diff\u00e9rentes fa\u00e7ons de nous joindre: Par courriel: Pour toute question ou demande de renseignements, veuillez envoyer un courriel \u00e0 notre \u00e9quipe \u00e0 l&rsquo;adresse suivante: info@montagnesduquebec.com. Nous ferons de notre mieux pour r\u00e9pondre \u00e0 votre demande dans les plus brefs [&hellip;]<\/p>\n","protected":false},"author":1,"featured_media":0,"parent":0,"menu_order":0,"comment_status":"closed","ping_status":"closed","template":"","meta":{"footnotes":""},"class_list":["post-13","page","type-page","status-publish","hentry"],"_links":{"self":[{"href":"http:\/\/6212221.cpsw-fcsei.com\/MontVoyage_wordpress\/wp-json\/wp\/v2\/pages\/13","targetHints":{"allow":["GET"]}}],"collection":[{"href":"http:\/\/6212221.cpsw-fcsei.com\/MontVoyage_wordpress\/wp-json\/wp\/v2\/pages"}],"about":[{"href":"http:\/\/6212221.cpsw-fcsei.com\/MontVoyage_wordpress\/wp-json\/wp\/v2\/types\/page"}],"author":[{"embeddable":true,"href":"http:\/\/6212221.cpsw-fcsei.com\/MontVoyage_wordpress\/wp-json\/wp\/v2\/users\/1"}],"replies":[{"embeddable":true,"href":"http:\/\/6212221.cpsw-fcsei.com\/MontVoyage_wordpress\/wp-json\/wp\/v2\/comments?post=13"}],"version-history":[{"count":3,"href":"http:\/\/6212221.cpsw-fcsei.com\/MontVoyage_wordpress\/wp-json\/wp\/v2\/pages\/13\/revisions"}],"predecessor-version":[{"id":233,"href":"http:\/\/6212221.cpsw-fcsei.com\/MontVoyage_wordpress\/wp-json\/wp\/v2\/pages\/13\/revisions\/233"}],"wp:attachment":[{"href":"http:\/\/6212221.cpsw-fcsei.com\/MontVoyage_wordpress\/wp-json\/wp\/v2\/media?parent=13"}],"curies":[{"name":"wp","href":"https:\/\/api.w.org\/{rel}","templated":true}]}}