{"id":13,"date":"2023-05-08T11:01:25","date_gmt":"2023-05-08T15:01:25","guid":{"rendered":"http:\/\/6212221.cpsw-fcsei.com\/TP2\/wordpress\/?page_id=13"},"modified":"2023-05-13T08:41:44","modified_gmt":"2023-05-13T12:41:44","slug":"voyages","status":"publish","type":"page","link":"http:\/\/6212221.cpsw-fcsei.com\/TP2\/wordpress\/voyages\/","title":{"rendered":"Voyages"},"content":{"rendered":"\n<div class=\"wp-block-query is-layout-flow wp-block-query-is-layout-flow\"><ul class=\"is-flex-container columns-2 wp-block-post-template is-layout-flow wp-block-post-template-is-layout-flow\"><li class=\"wp-block-post post-68 post type-post status-publish format-standard has-post-thumbnail hentry category-voyage\">\n<figure class=\"wp-block-post-featured-image\"><a href=\"http:\/\/6212221.cpsw-fcsei.com\/TP2\/wordpress\/himalaya-nepalais\/\" target=\"_self\"  ><img loading=\"lazy\" decoding=\"async\" width=\"1024\" height=\"650\" src=\"http:\/\/6212221.cpsw-fcsei.com\/TP2\/wordpress\/wp-content\/uploads\/2023\/05\/himalaya.jpg\" class=\"attachment-post-thumbnail size-post-thumbnail wp-post-image\" alt=\"Himalaya n\u00e9palais\" style=\"object-fit:cover;\" srcset=\"http:\/\/6212221.cpsw-fcsei.com\/TP2\/wordpress\/wp-content\/uploads\/2023\/05\/himalaya.jpg 1024w, http:\/\/6212221.cpsw-fcsei.com\/TP2\/wordpress\/wp-content\/uploads\/2023\/05\/himalaya-300x190.jpg 300w, http:\/\/6212221.cpsw-fcsei.com\/TP2\/wordpress\/wp-content\/uploads\/2023\/05\/himalaya-768x488.jpg 768w\" sizes=\"auto, (max-width: 1024px) 100vw, 1024px\" \/><\/a><\/figure>\n\n<h2 class=\"wp-block-post-title\"><a href=\"http:\/\/6212221.cpsw-fcsei.com\/TP2\/wordpress\/himalaya-nepalais\/\" target=\"_self\" >Himalaya n\u00e9palais<\/a><\/h2>\n\n<div class=\"wp-block-post-date\"><time datetime=\"2023-05-08T13:39:40-04:00\">8 mai 2023<\/time><\/div>\n\n<div class=\"wp-block-post-excerpt\"><p class=\"wp-block-post-excerpt__excerpt\">L&rsquo;Himalaya n\u00e9palais est une cha\u00eene de montagnes situ\u00e9e dans la r\u00e9gion de l&rsquo;Himalaya, dans le nord du N\u00e9pal. Cette r\u00e9gion est c\u00e9l\u00e8bre pour abriter les plus hautes montagnes du monde, dont le c\u00e9l\u00e8bre mont Everest qui culmine \u00e0 8 848 m\u00e8tres d&rsquo;altitude.<\/p><p class=\"wp-block-post-excerpt__more-text\"><a class=\"wp-block-post-excerpt__more-link\" href=\"http:\/\/6212221.cpsw-fcsei.com\/TP2\/wordpress\/himalaya-nepalais\/\">Voir plus<\/a><\/p><\/div>\n<\/li><li class=\"wp-block-post post-66 post type-post status-publish format-standard has-post-thumbnail hentry category-voyage\">\n<figure class=\"wp-block-post-featured-image\"><a href=\"http:\/\/6212221.cpsw-fcsei.com\/TP2\/wordpress\/alpes-suisses-et-francaises\/\" target=\"_self\"  ><img loading=\"lazy\" decoding=\"async\" width=\"1024\" height=\"650\" src=\"http:\/\/6212221.cpsw-fcsei.com\/TP2\/wordpress\/wp-content\/uploads\/2023\/05\/alpes-4.jpg\" class=\"attachment-post-thumbnail size-post-thumbnail wp-post-image\" alt=\"Alpes suisses et fran\u00e7aises\" style=\"object-fit:cover;\" srcset=\"http:\/\/6212221.cpsw-fcsei.com\/TP2\/wordpress\/wp-content\/uploads\/2023\/05\/alpes-4.jpg 1024w, http:\/\/6212221.cpsw-fcsei.com\/TP2\/wordpress\/wp-content\/uploads\/2023\/05\/alpes-4-300x190.jpg 300w, http:\/\/6212221.cpsw-fcsei.com\/TP2\/wordpress\/wp-content\/uploads\/2023\/05\/alpes-4-768x488.jpg 768w\" sizes=\"auto, (max-width: 1024px) 100vw, 1024px\" \/><\/a><\/figure>\n\n<h2 class=\"wp-block-post-title\"><a href=\"http:\/\/6212221.cpsw-fcsei.com\/TP2\/wordpress\/alpes-suisses-et-francaises\/\" target=\"_self\" >Alpes suisses et fran\u00e7aises<\/a><\/h2>\n\n<div class=\"wp-block-post-date\"><time datetime=\"2023-05-08T13:38:33-04:00\">8 mai 2023<\/time><\/div>\n\n<div class=\"wp-block-post-excerpt\"><p class=\"wp-block-post-excerpt__excerpt\">Les Alpes suisses et fran\u00e7aises sont une cha\u00eene de montagnes situ\u00e9e dans le centre de l&rsquo;Europe, s&rsquo;\u00e9tendant sur plus de 1 200 km. Les Alpes suisses sont situ\u00e9es principalement en Suisse, tandis que les Alpes fran\u00e7aises s&rsquo;\u00e9tendent sur la fronti\u00e8re entre la France et l&rsquo;Italie.<\/p><p class=\"wp-block-post-excerpt__more-text\"><a class=\"wp-block-post-excerpt__more-link\" href=\"http:\/\/6212221.cpsw-fcsei.com\/TP2\/wordpress\/alpes-suisses-et-francaises\/\">Voir plus<\/a><\/p><\/div>\n<\/li><li class=\"wp-block-post post-64 post type-post status-publish format-standard has-post-thumbnail hentry category-voyage\">\n<figure class=\"wp-block-post-featured-image\"><a href=\"http:\/\/6212221.cpsw-fcsei.com\/TP2\/wordpress\/rocheuses-canadiennes\/\" target=\"_self\"  ><img loading=\"lazy\" decoding=\"async\" width=\"1024\" height=\"650\" src=\"http:\/\/6212221.cpsw-fcsei.com\/TP2\/wordpress\/wp-content\/uploads\/2023\/05\/rocheuse.jpg\" class=\"attachment-post-thumbnail size-post-thumbnail wp-post-image\" alt=\"Rocheuses canadiennes\" style=\"object-fit:cover;\" srcset=\"http:\/\/6212221.cpsw-fcsei.com\/TP2\/wordpress\/wp-content\/uploads\/2023\/05\/rocheuse.jpg 1024w, http:\/\/6212221.cpsw-fcsei.com\/TP2\/wordpress\/wp-content\/uploads\/2023\/05\/rocheuse-300x190.jpg 300w, http:\/\/6212221.cpsw-fcsei.com\/TP2\/wordpress\/wp-content\/uploads\/2023\/05\/rocheuse-768x488.jpg 768w\" sizes=\"auto, (max-width: 1024px) 100vw, 1024px\" \/><\/a><\/figure>\n\n<h2 class=\"wp-block-post-title\"><a href=\"http:\/\/6212221.cpsw-fcsei.com\/TP2\/wordpress\/rocheuses-canadiennes\/\" target=\"_self\" >Rocheuses canadiennes<\/a><\/h2>\n\n<div class=\"wp-block-post-date\"><time datetime=\"2023-05-08T13:36:55-04:00\">8 mai 2023<\/time><\/div>\n\n<div class=\"wp-block-post-excerpt\"><p class=\"wp-block-post-excerpt__excerpt\">Les Rocheuses canadiennes, \u00e9galement connues sous le nom de Rocky Mountains, sont une cha\u00eene de montagnes situ\u00e9e dans l&rsquo;Ouest du Canada, s&rsquo;\u00e9tendant sur plus de 4 800 km\u00b2, de la Colombie-Britannique \u00e0 l&rsquo;Alberta.<\/p><p class=\"wp-block-post-excerpt__more-text\"><a class=\"wp-block-post-excerpt__more-link\" href=\"http:\/\/6212221.cpsw-fcsei.com\/TP2\/wordpress\/rocheuses-canadiennes\/\">Voir plus<\/a><\/p><\/div>\n<\/li><li class=\"wp-block-post post-58 post type-post status-publish format-standard has-post-thumbnail hentry category-voyage\">\n<figure class=\"wp-block-post-featured-image\"><a href=\"http:\/\/6212221.cpsw-fcsei.com\/TP2\/wordpress\/montagne-du-quebec\/\" target=\"_self\"  ><img loading=\"lazy\" decoding=\"async\" width=\"1024\" height=\"650\" src=\"http:\/\/6212221.cpsw-fcsei.com\/TP2\/wordpress\/wp-content\/uploads\/2023\/05\/quebec-1.jpg\" class=\"attachment-post-thumbnail size-post-thumbnail wp-post-image\" alt=\"Montagne du Qu\u00e9bec\" style=\"object-fit:cover;\" srcset=\"http:\/\/6212221.cpsw-fcsei.com\/TP2\/wordpress\/wp-content\/uploads\/2023\/05\/quebec-1.jpg 1024w, http:\/\/6212221.cpsw-fcsei.com\/TP2\/wordpress\/wp-content\/uploads\/2023\/05\/quebec-1-300x190.jpg 300w, http:\/\/6212221.cpsw-fcsei.com\/TP2\/wordpress\/wp-content\/uploads\/2023\/05\/quebec-1-768x488.jpg 768w\" sizes=\"auto, (max-width: 1024px) 100vw, 1024px\" \/><\/a><\/figure>\n\n<h2 class=\"wp-block-post-title\"><a href=\"http:\/\/6212221.cpsw-fcsei.com\/TP2\/wordpress\/montagne-du-quebec\/\" target=\"_self\" >Montagne du Qu\u00e9bec<\/a><\/h2>\n\n<div class=\"wp-block-post-date\"><time datetime=\"2023-05-08T13:20:17-04:00\">8 mai 2023<\/time><\/div>\n\n<div class=\"wp-block-post-excerpt\"><p class=\"wp-block-post-excerpt__excerpt\">Les montagnes du Qu\u00e9bec se trouvent dans la r\u00e9gion des Laurentides, une cha\u00eene de montagnes situ\u00e9e dans la partie sud de la province du Qu\u00e9bec, au Canada. Cette r\u00e9gion montagneuse s&rsquo;\u00e9tend sur environ 600 km et est caract\u00e9ris\u00e9e par des sommets escarp\u00e9s, des lacs cristallins, des rivi\u00e8res tumultueuses, une for\u00eat dense et une faune diversifi\u00e9e.<\/p><p class=\"wp-block-post-excerpt__more-text\"><a class=\"wp-block-post-excerpt__more-link\" href=\"http:\/\/6212221.cpsw-fcsei.com\/TP2\/wordpress\/montagne-du-quebec\/\">Voir plus<\/a><\/p><\/div>\n<\/li><\/ul>\n\n<\/div>\n","protected":false},"excerpt":{"rendered":"","protected":false},"author":1,"featured_media":0,"parent":0,"menu_order":0,"comment_status":"closed","ping_status":"closed","template":"","meta":{"footnotes":""},"class_list":["post-13","page","type-page","status-publish","hentry"],"_links":{"self":[{"href":"http:\/\/6212221.cpsw-fcsei.com\/TP2\/wordpress\/wp-json\/wp\/v2\/pages\/13","targetHints":{"allow":["GET"]}}],"collection":[{"href":"http:\/\/6212221.cpsw-fcsei.com\/TP2\/wordpress\/wp-json\/wp\/v2\/pages"}],"about":[{"href":"http:\/\/6212221.cpsw-fcsei.com\/TP2\/wordpress\/wp-json\/wp\/v2\/types\/page"}],"author":[{"embeddable":true,"href":"http:\/\/6212221.cpsw-fcsei.com\/TP2\/wordpress\/wp-json\/wp\/v2\/users\/1"}],"replies":[{"embeddable":true,"href":"http:\/\/6212221.cpsw-fcsei.com\/TP2\/wordpress\/wp-json\/wp\/v2\/comments?post=13"}],"version-history":[{"count":13,"href":"http:\/\/6212221.cpsw-fcsei.com\/TP2\/wordpress\/wp-json\/wp\/v2\/pages\/13\/revisions"}],"predecessor-version":[{"id":78,"href":"http:\/\/6212221.cpsw-fcsei.com\/TP2\/wordpress\/wp-json\/wp\/v2\/pages\/13\/revisions\/78"}],"wp:attachment":[{"href":"http:\/\/6212221.cpsw-fcsei.com\/TP2\/wordpress\/wp-json\/wp\/v2\/media?parent=13"}],"curies":[{"name":"wp","href":"https:\/\/api.w.org\/{rel}","templated":true}]}}